{"id":12401,"date":"2020-12-03T17:38:44","date_gmt":"2020-12-03T17:38:44","guid":{"rendered":"https:\/\/ppd-test.krabu.tech\/projects\/"},"modified":"2024-09-04T10:49:33","modified_gmt":"2024-09-04T10:49:33","slug":"projects","status":"publish","type":"page","link":"https:\/\/ppd-test.krabu.tech\/hu\/projects\/","title":{"rendered":"Projects"},"content":{"rendered":"<p>Project examplesThe collection of quality youth participation projects in invaluable for anyone who plans, implements, or supports projects carried out through EU Youth Programmes. Get inspired to make a bigger impact!Z\u00e1szl\u00f3shaj\u00f3 projektekA projektgy\u0171jtem\u00e9nyben olyan projekteket gy\u0171jt\u00f6tt\u00fcnk \u00f6ssze, melyek ihletforr\u00e1sk\u00e9nt \u00e9s inspir\u00e1ci\u00f3k\u00e9nt szolg\u00e1lhatnak az akt\u00edv t\u00e1rsadalmi r\u00e9szv\u00e9telt el\u0151seg\u00edt\u0151 projektek tervez\u00e9s\u00e9hez, megval\u00f3s\u00edt\u00e1s\u00e1hoz \u00e9s t\u00e1mogat\u00e1s\u00e1hoz. A projekt a k\u00f6vetkez\u0151 orsz\u00e1gok nemzeti irod\u00e1inak t\u00e1rsfinansz\u00edroz\u00e1sban val\u00f3sult meg: Belgium \u2013 FL, Horv\u00e1torsz\u00e1g, Ciprus, D\u00e1nia, \u00c9sztorsz\u00e1g, N\u00e9metorsz\u00e1g, Magyarorsz\u00e1g, Izland, Liechtenstein, Hollandia, Portug\u00e1lia \u00e9s Spanyolorsz\u00e1g.<\/p>\n","protected":false},"excerpt":{"rendered":"<p>Project examplesThe collection of quality youth participation projects in invaluable for anyone who plans, implements, or supports projects carried out through EU Youth Programmes. Get inspired to make a bigger impact!Z\u00e1szl\u00f3shaj\u00f3 projektekA projektgy\u0171jtem\u00e9nyben olyan projekteket gy\u0171jt\u00f6tt\u00fcnk \u00f6ssze, melyek ihletforr\u00e1sk\u00e9nt \u00e9s inspir\u00e1ci\u00f3k\u00e9nt szolg\u00e1lhatnak az akt\u00edv t\u00e1rsadalmi r\u00e9szv\u00e9telt el\u0151seg\u00edt\u0151 projektek tervez\u00e9s\u00e9hez, megval\u00f3s\u00edt\u00e1s\u00e1hoz \u00e9s t\u00e1mogat\u00e1s\u00e1hoz. A projekt a [&hellip;]<\/p>\n","protected":false},"author":5,"featured_media":12350,"parent":0,"menu_order":9,"comment_status":"closed","ping_status":"closed","template":"page-templates\/projects.php","meta":{"_acf_changed":false,"footnotes":""},"class_list":["post-12401","page","type-page","status-publish","has-post-thumbnail","hentry"],"acf":[],"_links":{"self":[{"href":"https:\/\/ppd-test.krabu.tech\/hu\/wp-json\/wp\/v2\/pages\/12401"}],"collection":[{"href":"https:\/\/ppd-test.krabu.tech\/hu\/wp-json\/wp\/v2\/pages"}],"about":[{"href":"https:\/\/ppd-test.krabu.tech\/hu\/wp-json\/wp\/v2\/types\/page"}],"author":[{"embeddable":true,"href":"https:\/\/ppd-test.krabu.tech\/hu\/wp-json\/wp\/v2\/users\/5"}],"replies":[{"embeddable":true,"href":"https:\/\/ppd-test.krabu.tech\/hu\/wp-json\/wp\/v2\/comments?post=12401"}],"version-history":[{"count":10,"href":"https:\/\/ppd-test.krabu.tech\/hu\/wp-json\/wp\/v2\/pages\/12401\/revisions"}],"predecessor-version":[{"id":23277,"href":"https:\/\/ppd-test.krabu.tech\/hu\/wp-json\/wp\/v2\/pages\/12401\/revisions\/23277"}],"wp:featuredmedia":[{"embeddable":true,"href":"https:\/\/ppd-test.krabu.tech\/hu\/wp-json\/wp\/v2\/media\/12350"}],"wp:attachment":[{"href":"https:\/\/ppd-test.krabu.tech\/hu\/wp-json\/wp\/v2\/media?parent=12401"}],"curies":[{"name":"wp","href":"https:\/\/api.w.org\/{rel}","templated":true}]}}