{"id":13133,"date":"2020-12-03T17:38:44","date_gmt":"2020-12-03T17:38:44","guid":{"rendered":"https:\/\/ppd-test.krabu.tech\/projects\/"},"modified":"2024-09-04T10:52:01","modified_gmt":"2024-09-04T10:52:01","slug":"projects","status":"publish","type":"page","link":"https:\/\/ppd-test.krabu.tech\/et\/projects\/","title":{"rendered":"Projects"},"content":{"rendered":"<p>Project examplesThe collection of quality youth participation projects in invaluable for anyone who plans, implements, or supports projects carried out through EU Youth Programmes. Get inspired to make a bigger impact!JuhtprojektidOleme oma kollektsiooni valinud noorte osalusprojektid, et inspireerida ja motiveerida k\u00f5iki, kes projekte kavandavad, ellu viivad v\u00f5i toetavad. Seda projekti kaasrahastasid Belgia (FL), Horvaatia, K\u00fcprose, Taani, Eesti, Saksamaa, Ungari, Islandi, Lichtensteini, Hollandi, Portugali ja Hispaania riiklikud b\u00fcrood.<\/p>\n","protected":false},"excerpt":{"rendered":"<p>Project examplesThe collection of quality youth participation projects in invaluable for anyone who plans, implements, or supports projects carried out through EU Youth Programmes. Get inspired to make a bigger impact!JuhtprojektidOleme oma kollektsiooni valinud noorte osalusprojektid, et inspireerida ja motiveerida k\u00f5iki, kes projekte kavandavad, ellu viivad v\u00f5i toetavad. Seda projekti kaasrahastasid Belgia (FL), Horvaatia, K\u00fcprose, [&hellip;]<\/p>\n","protected":false},"author":5,"featured_media":13134,"parent":0,"menu_order":9,"comment_status":"closed","ping_status":"closed","template":"page-templates\/projects.php","meta":{"_acf_changed":false,"footnotes":""},"class_list":["post-13133","page","type-page","status-publish","has-post-thumbnail","hentry"],"acf":[],"_links":{"self":[{"href":"https:\/\/ppd-test.krabu.tech\/et\/wp-json\/wp\/v2\/pages\/13133"}],"collection":[{"href":"https:\/\/ppd-test.krabu.tech\/et\/wp-json\/wp\/v2\/pages"}],"about":[{"href":"https:\/\/ppd-test.krabu.tech\/et\/wp-json\/wp\/v2\/types\/page"}],"author":[{"embeddable":true,"href":"https:\/\/ppd-test.krabu.tech\/et\/wp-json\/wp\/v2\/users\/5"}],"replies":[{"embeddable":true,"href":"https:\/\/ppd-test.krabu.tech\/et\/wp-json\/wp\/v2\/comments?post=13133"}],"version-history":[{"count":9,"href":"https:\/\/ppd-test.krabu.tech\/et\/wp-json\/wp\/v2\/pages\/13133\/revisions"}],"predecessor-version":[{"id":23281,"href":"https:\/\/ppd-test.krabu.tech\/et\/wp-json\/wp\/v2\/pages\/13133\/revisions\/23281"}],"wp:featuredmedia":[{"embeddable":true,"href":"https:\/\/ppd-test.krabu.tech\/et\/wp-json\/wp\/v2\/media\/13134"}],"wp:attachment":[{"href":"https:\/\/ppd-test.krabu.tech\/et\/wp-json\/wp\/v2\/media?parent=13133"}],"curies":[{"name":"wp","href":"https:\/\/api.w.org\/{rel}","templated":true}]}}