{"id":13135,"date":"2020-12-03T17:38:44","date_gmt":"2020-12-03T17:38:44","guid":{"rendered":"https:\/\/ppd-test.krabu.tech\/projects\/"},"modified":"2024-09-04T10:49:39","modified_gmt":"2024-09-04T10:49:39","slug":"projects","status":"publish","type":"page","link":"https:\/\/ppd-test.krabu.tech\/es\/projects\/","title":{"rendered":"Projects"},"content":{"rendered":"<p>Project examplesThe collection of quality youth participation projects in invaluable for anyone who plans, implements, or supports projects carried out through EU Youth Programmes. Get inspired to make a bigger impact!Flagship ProjectsEn nuestra colecci\u00f3n hemos elegido los proyectos de participaci\u00f3n juvenil para inspirar y motivar a quien planifica, implementa o apoya proyectos. Este proyecto fue cofinanciado por agencias nacionales en B\u00e9lgica \u2013 Flandes, Croacia, Chipre, Dinamarca, Estonia, Alemania, Hungr\u00eda, Islandia, Liechtenstein, Pa\u00edses Bajos, Portugal y Espa\u00f1a.<\/p>\n","protected":false},"excerpt":{"rendered":"<p>Project examplesThe collection of quality youth participation projects in invaluable for anyone who plans, implements, or supports projects carried out through EU Youth Programmes. Get inspired to make a bigger impact!Flagship ProjectsEn nuestra colecci\u00f3n hemos elegido los proyectos de participaci\u00f3n juvenil para inspirar y motivar a quien planifica, implementa o apoya proyectos. Este proyecto fue [&hellip;]<\/p>\n","protected":false},"author":5,"featured_media":13136,"parent":0,"menu_order":9,"comment_status":"closed","ping_status":"closed","template":"page-templates\/projects.php","meta":{"_acf_changed":false,"footnotes":""},"class_list":["post-13135","page","type-page","status-publish","has-post-thumbnail","hentry"],"acf":[],"_links":{"self":[{"href":"https:\/\/ppd-test.krabu.tech\/es\/wp-json\/wp\/v2\/pages\/13135"}],"collection":[{"href":"https:\/\/ppd-test.krabu.tech\/es\/wp-json\/wp\/v2\/pages"}],"about":[{"href":"https:\/\/ppd-test.krabu.tech\/es\/wp-json\/wp\/v2\/types\/page"}],"author":[{"embeddable":true,"href":"https:\/\/ppd-test.krabu.tech\/es\/wp-json\/wp\/v2\/users\/5"}],"replies":[{"embeddable":true,"href":"https:\/\/ppd-test.krabu.tech\/es\/wp-json\/wp\/v2\/comments?post=13135"}],"version-history":[{"count":7,"href":"https:\/\/ppd-test.krabu.tech\/es\/wp-json\/wp\/v2\/pages\/13135\/revisions"}],"predecessor-version":[{"id":23279,"href":"https:\/\/ppd-test.krabu.tech\/es\/wp-json\/wp\/v2\/pages\/13135\/revisions\/23279"}],"wp:featuredmedia":[{"embeddable":true,"href":"https:\/\/ppd-test.krabu.tech\/es\/wp-json\/wp\/v2\/media\/13136"}],"wp:attachment":[{"href":"https:\/\/ppd-test.krabu.tech\/es\/wp-json\/wp\/v2\/media?parent=13135"}],"curies":[{"name":"wp","href":"https:\/\/api.w.org\/{rel}","templated":true}]}}