{"id":10051,"date":"2020-12-03T17:38:44","date_gmt":"2020-12-03T17:38:44","guid":{"rendered":"https:\/\/ppd-test.krabu.tech\/projects\/"},"modified":"2024-09-04T10:49:29","modified_gmt":"2024-09-04T10:49:29","slug":"projekte","status":"publish","type":"page","link":"https:\/\/ppd-test.krabu.tech\/de\/projekte\/","title":{"rendered":"Projekte"},"content":{"rendered":"<p>Project examplesThe collection of quality youth participation projects in invaluable for anyone who plans, implements, or supports projects carried out through EU Youth Programmes. Get inspired to make a bigger impact!Flagship Project CollectionDiese Sammlung enth\u00e4lt Jugendpartizipationsprojekte, die bei der Planung, Durchf\u00fchrung oder Unterst\u00fctzung anderer Projekte inspirieren und motivieren sollen.\u00a0Die Projektsammlung wurde gemeinsam von den Nationalen Agenturen in Belgien \u2013 Flandern, D\u00e4nemark, Deutschland, Estland, Island, Kroatien, Lichtenstein, den Niederlanden, Portugal, Spanien, Ungarn und Zypern kofinanziert.<\/p>\n","protected":false},"excerpt":{"rendered":"<p>Project examplesThe collection of quality youth participation projects in invaluable for anyone who plans, implements, or supports projects carried out through EU Youth Programmes. Get inspired to make a bigger impact!Flagship Project CollectionDiese Sammlung enth\u00e4lt Jugendpartizipationsprojekte, die bei der Planung, Durchf\u00fchrung oder Unterst\u00fctzung anderer Projekte inspirieren und motivieren sollen.\u00a0Die Projektsammlung wurde gemeinsam von den Nationalen [&hellip;]<\/p>\n","protected":false},"author":5,"featured_media":9728,"parent":0,"menu_order":9,"comment_status":"closed","ping_status":"closed","template":"page-templates\/projects.php","meta":{"_acf_changed":false,"footnotes":""},"class_list":["post-10051","page","type-page","status-publish","has-post-thumbnail","hentry"],"acf":[],"_links":{"self":[{"href":"https:\/\/ppd-test.krabu.tech\/de\/wp-json\/wp\/v2\/pages\/10051"}],"collection":[{"href":"https:\/\/ppd-test.krabu.tech\/de\/wp-json\/wp\/v2\/pages"}],"about":[{"href":"https:\/\/ppd-test.krabu.tech\/de\/wp-json\/wp\/v2\/types\/page"}],"author":[{"embeddable":true,"href":"https:\/\/ppd-test.krabu.tech\/de\/wp-json\/wp\/v2\/users\/5"}],"replies":[{"embeddable":true,"href":"https:\/\/ppd-test.krabu.tech\/de\/wp-json\/wp\/v2\/comments?post=10051"}],"version-history":[{"count":10,"href":"https:\/\/ppd-test.krabu.tech\/de\/wp-json\/wp\/v2\/pages\/10051\/revisions"}],"predecessor-version":[{"id":23275,"href":"https:\/\/ppd-test.krabu.tech\/de\/wp-json\/wp\/v2\/pages\/10051\/revisions\/23275"}],"wp:featuredmedia":[{"embeddable":true,"href":"https:\/\/ppd-test.krabu.tech\/de\/wp-json\/wp\/v2\/media\/9728"}],"wp:attachment":[{"href":"https:\/\/ppd-test.krabu.tech\/de\/wp-json\/wp\/v2\/media?parent=10051"}],"curies":[{"name":"wp","href":"https:\/\/api.w.org\/{rel}","templated":true}]}}